{"id":3081,"date":"2016-06-20T21:35:29","date_gmt":"2016-06-20T18:35:29","guid":{"rendered":"https:\/\/goldenseaestate.com\/o-kompanii\/"},"modified":"2023-12-16T16:04:29","modified_gmt":"2023-12-16T13:04:29","slug":"sobre-nosotros","status":"publish","type":"page","link":"https:\/\/goldenseaestate.com\/es\/sobre-nosotros\/","title":{"rendered":"Sobre nosotros"},"content":{"rendered":"\t\t<div data-elementor-type=\"wp-post\" data-elementor-id=\"3081\" class=\"elementor elementor-3081 elementor-1776\">\n\t\t\t\t\t\t<section class=\"elementor-section elementor-top-section elementor-element elementor-element-7e29b25 elementor-section-boxed elementor-section-height-default elementor-section-height-default elementor-invisible\" data-id=\"7e29b25\" data-element_type=\"section\" data-settings=\"{&quot;background_background&quot;:&quot;classic&quot;,&quot;animation&quot;:&quot;fadeIn&quot;}\">\n\t\t\t\t\t\t<div class=\"elementor-container elementor-column-gap-default\">\n\t\t\t\t\t<div class=\"elementor-column elementor-col-100 elementor-top-column elementor-element elementor-element-5e8cde5\" data-id=\"5e8cde5\" data-element_type=\"column\">\n\t\t\t<div class=\"elementor-widget-wrap elementor-element-populated\">\n\t\t\t\t\t\t<div class=\"elementor-element elementor-element-d73bb5e elementor-widget elementor-widget-spacer\" data-id=\"d73bb5e\" data-element_type=\"widget\" data-widget_type=\"spacer.default\">\n\t\t\t\t<div class=\"elementor-widget-container\">\n\t\t\t\t\t\t\t<div class=\"elementor-spacer\">\n\t\t\t<div class=\"elementor-spacer-inner\"><\/div>\n\t\t<\/div>\n\t\t\t\t\t\t<\/div>\n\t\t\t\t<\/div>\n\t\t\t\t<section class=\"elementor-section elementor-inner-section elementor-element elementor-element-587b07c elementor-section-boxed elementor-section-height-default elementor-section-height-default\" data-id=\"587b07c\" data-element_type=\"section\">\n\t\t\t\t\t\t<div class=\"elementor-container elementor-column-gap-default\">\n\t\t\t\t\t<div class=\"elementor-column elementor-col-100 elementor-inner-column elementor-element elementor-element-af0737d\" data-id=\"af0737d\" data-element_type=\"column\">\n\t\t\t<div class=\"elementor-widget-wrap elementor-element-populated\">\n\t\t\t\t\t\t<div class=\"elementor-element elementor-element-6a5b57c elementor-widget elementor-widget-houzez_elementor_section_title\" data-id=\"6a5b57c\" data-element_type=\"widget\" data-widget_type=\"houzez_elementor_section_title.default\">\n\t\t\t\t<div class=\"elementor-widget-container\">\n\t\t\t\t\t            <div class=\"houzez_section_title_wrap section-title-module\">\n                                    <h2 class=\"houzez_section_title\">Sobre nuestra compa\u00f1\u00eda<\/h2>\n                \n                            <\/div>\n            \t\t\t\t<\/div>\n\t\t\t\t<\/div>\n\t\t\t\t<div class=\"elementor-element elementor-element-ae3633d elementor-widget elementor-widget-text-editor\" data-id=\"ae3633d\" data-element_type=\"widget\" data-widget_type=\"text-editor.default\">\n\t\t\t\t<div class=\"elementor-widget-container\">\n\t\t\t\t\t\t\t\t\t<div class=\"vc_row wpb_row vc_inner vc_row-fluid\"><div class=\"wpb_column vc_column_container vc_col-sm-6\"><div class=\"vc_column-inner\"><div class=\"wpb_wrapper\"><div class=\"wpb_text_column wpb_content_element \"><div class=\"wpb_wrapper\"><p>Bienvenido al sitio. Estamos listos para ofrecerle cientos de propiedades para todos los gustos. Nuestro trato individualizado con cada cliente a la hora de elegir un inmueble le sorprender\u00e1 gratamente. Nuestra empresa brinda el mejor y m\u00e1s confiable servicio para la selecci\u00f3n y compra de bienes inmuebles. Total confidencialidad, decencia y estricto cumplimiento de los acuerdos son el lema de nuestra empresa.<\/p><p>Comprar una propiedad en la Costa del Sol puede servirle no s\u00f3lo como destino de vacaciones permanente, sino tambi\u00e9n como una inversi\u00f3n que le generar\u00e1 ingresos. Despu\u00e9s de todo, poseer bienes inmuebles en el extranjero no s\u00f3lo es prestigioso y aumenta su estatus en el mundo social, sino que tambi\u00e9n le permite conservar sus ahorros. En este caso combinar\u00e1s negocios con placer.<\/p><p>Los inmuebles en la Costa del Sol tienen sus ventajas, porque con dicha compra se puede obtener f\u00e1cilmente un permiso de residencia en Espa\u00f1a.<\/p><\/div><\/div><\/div><\/div><\/div><\/div>\t\t\t\t\t\t\t\t<\/div>\n\t\t\t\t<\/div>\n\t\t\t\t\t<\/div>\n\t\t<\/div>\n\t\t\t\t\t<\/div>\n\t\t<\/section>\n\t\t\t\t<div class=\"elementor-element elementor-element-42605c4 elementor-widget elementor-widget-spacer\" data-id=\"42605c4\" data-element_type=\"widget\" data-widget_type=\"spacer.default\">\n\t\t\t\t<div class=\"elementor-widget-container\">\n\t\t\t\t\t\t\t<div class=\"elementor-spacer\">\n\t\t\t<div class=\"elementor-spacer-inner\"><\/div>\n\t\t<\/div>\n\t\t\t\t\t\t<\/div>\n\t\t\t\t<\/div>\n\t\t\t\t\t<\/div>\n\t\t<\/div>\n\t\t\t\t\t<\/div>\n\t\t<\/section>\n\t\t\t\t<section class=\"elementor-section elementor-top-section elementor-element elementor-element-ee201ec elementor-hidden-desktop elementor-hidden-tablet elementor-hidden-mobile elementor-section-boxed elementor-section-height-default elementor-section-height-default elementor-invisible\" data-id=\"ee201ec\" data-element_type=\"section\" data-settings=\"{&quot;animation&quot;:&quot;fadeIn&quot;}\">\n\t\t\t\t\t\t<div class=\"elementor-container elementor-column-gap-default\">\n\t\t\t\t\t<div class=\"elementor-column elementor-col-100 elementor-top-column elementor-element elementor-element-146dde4\" data-id=\"146dde4\" data-element_type=\"column\">\n\t\t\t<div class=\"elementor-widget-wrap elementor-element-populated\">\n\t\t\t\t\t\t<div class=\"elementor-element elementor-element-7a2dfb0 elementor-widget elementor-widget-spacer\" data-id=\"7a2dfb0\" data-element_type=\"widget\" data-widget_type=\"spacer.default\">\n\t\t\t\t<div class=\"elementor-widget-container\">\n\t\t\t\t\t\t\t<div class=\"elementor-spacer\">\n\t\t\t<div class=\"elementor-spacer-inner\"><\/div>\n\t\t<\/div>\n\t\t\t\t\t\t<\/div>\n\t\t\t\t<\/div>\n\t\t\t\t<div class=\"elementor-element elementor-element-42d9745 elementor-widget elementor-widget-houzez_elementor_section_title\" data-id=\"42d9745\" data-element_type=\"widget\" data-widget_type=\"houzez_elementor_section_title.default\">\n\t\t\t\t<div class=\"elementor-widget-container\">\n\t\t\t\t\t            <div class=\"houzez_section_title_wrap section-title-module\">\n                                    <h2 class=\"houzez_section_title\">\u041d\u0430\u0448\u0438 \u0446\u0435\u043d\u043d\u043e\u0441\u0442\u0438<\/h2>\n                \n                            <\/div>\n            \t\t\t\t<\/div>\n\t\t\t\t<\/div>\n\t\t\t\t<section class=\"elementor-section elementor-inner-section elementor-element elementor-element-c66451f elementor-section-boxed elementor-section-height-default elementor-section-height-default\" data-id=\"c66451f\" data-element_type=\"section\">\n\t\t\t\t\t\t<div class=\"elementor-container elementor-column-gap-wide\">\n\t\t\t\t\t<div class=\"elementor-column elementor-col-33 elementor-inner-column elementor-element elementor-element-6945fbd\" data-id=\"6945fbd\" data-element_type=\"column\">\n\t\t\t<div class=\"elementor-widget-wrap elementor-element-populated\">\n\t\t\t\t\t\t<div class=\"elementor-element elementor-element-031cc28 elementor-position-top elementor-widget elementor-widget-image-box\" data-id=\"031cc28\" data-element_type=\"widget\" data-widget_type=\"image-box.default\">\n\t\t\t\t<div class=\"elementor-widget-container\">\n\t\t\t\t\t<div class=\"elementor-image-box-wrapper\"><figure class=\"elementor-image-box-img\"><img decoding=\"async\" src=\"https:\/\/goldenseaestate.com\/wp-content\/uploads\/elementor\/thumbs\/sl2-qbeead0r5pqchyhww91492a31vo0thsxeijyiom1wc.jpg\" title=\"sl2\" alt=\"sl2\" loading=\"lazy\" \/><\/figure><div class=\"elementor-image-box-content\"><h3 class=\"elementor-image-box-title\">\u0421\u0440\u043e\u043a\u0438<\/h3><p class=\"elementor-image-box-description\">\u0412\u0441\u0435, \u043e\u0431\u0433\u043e\u0432\u043e\u0440\u0435\u043d\u043d\u044b\u0435 \u0441 \u043a\u043b\u0438\u0435\u043d\u0442\u043e\u043c, \u0441\u0440\u043e\u043a\u0438 \u0441\u043e\u0431\u043b\u044e\u0434\u0430\u044e\u0442\u0441\u044f \u0434\u043e \u043a\u043e\u043d\u0446\u0430 \u0441\u0434\u0435\u043b\u043a\u0438. \u041c\u044b \u043d\u0435 \u043f\u043e\u0442\u0440\u0430\u0442\u0438\u043c \u0432\u0430\u0448\u0435 \u0434\u0440\u0430\u0433\u043e\u0446\u0435\u043d\u043d\u043e\u0435 \u0432\u0440\u0435\u043c\u044f!<\/p><\/div><\/div>\t\t\t\t<\/div>\n\t\t\t\t<\/div>\n\t\t\t\t\t<\/div>\n\t\t<\/div>\n\t\t\t\t<div class=\"elementor-column elementor-col-33 elementor-inner-column elementor-element elementor-element-0d9e6c2\" data-id=\"0d9e6c2\" data-element_type=\"column\">\n\t\t\t<div class=\"elementor-widget-wrap elementor-element-populated\">\n\t\t\t\t\t\t<div class=\"elementor-element elementor-element-6848b72 elementor-position-top elementor-widget elementor-widget-image-box\" data-id=\"6848b72\" data-element_type=\"widget\" data-widget_type=\"image-box.default\">\n\t\t\t\t<div class=\"elementor-widget-container\">\n\t\t\t\t\t<div class=\"elementor-image-box-wrapper\"><figure class=\"elementor-image-box-img\"><img fetchpriority=\"high\" decoding=\"async\" width=\"584\" height=\"438\" src=\"https:\/\/goldenseaestate.com\/wp-content\/uploads\/2023\/08\/8-1-584x438.jpg\" class=\"attachment-houzez-item-image-6 size-houzez-item-image-6 wp-image-2138\" alt=\"Sobre nosotros\" title=\"Sobre nosotros\" srcset=\"https:\/\/goldenseaestate.com\/wp-content\/uploads\/2023\/08\/8-1-584x438.jpg 584w, https:\/\/goldenseaestate.com\/wp-content\/uploads\/2023\/08\/8-1-120x90.jpg 120w\" sizes=\"(max-width: 584px) 100vw, 584px\" \/><\/figure><div class=\"elementor-image-box-content\"><h3 class=\"elementor-image-box-title\">\u0423\u0432\u0430\u0436\u0435\u043d\u0438\u0435<\/h3><p class=\"elementor-image-box-description\">\u0423\u0432\u0430\u0436\u0435\u043d\u0438\u0435 \u043a \u043d\u0430\u0448\u0438\u043c \u043a\u043b\u0438\u0435\u043d\u0442\u0430\u043c \u043d\u0430\u0448\u0435 \u043a\u0440\u0435\u0434\u043e. \u0421 \u043d\u0430\u043c\u0438 \u0432\u0430\u043c \u0431\u0443\u0434\u0435\u0442 \u043a\u043e\u043c\u0444\u043e\u0440\u0442\u043d\u043e, \u0431\u0435\u0437\u043e\u043f\u0430\u0441\u043d\u043e, \u043f\u043e\u043d\u044f\u0442\u043d\u043e \u0438 \u0443\u0432\u0435\u0440\u0435\u043d\u043d\u043e! Golden Sea Estate<\/p><\/div><\/div>\t\t\t\t<\/div>\n\t\t\t\t<\/div>\n\t\t\t\t\t<\/div>\n\t\t<\/div>\n\t\t\t\t<div class=\"elementor-column elementor-col-33 elementor-inner-column elementor-element elementor-element-c3e5b5e\" data-id=\"c3e5b5e\" data-element_type=\"column\">\n\t\t\t<div class=\"elementor-widget-wrap elementor-element-populated\">\n\t\t\t\t\t\t<div class=\"elementor-element elementor-element-a39dd46 elementor-position-top elementor-widget elementor-widget-image-box\" data-id=\"a39dd46\" data-element_type=\"widget\" data-widget_type=\"image-box.default\">\n\t\t\t\t<div class=\"elementor-widget-container\">\n\t\t\t\t\t<div class=\"elementor-image-box-wrapper\"><figure class=\"elementor-image-box-img\"><img decoding=\"async\" width=\"584\" height=\"438\" src=\"https:\/\/goldenseaestate.com\/wp-content\/uploads\/2023\/08\/10-584x438.jpg\" class=\"attachment-houzez-item-image-6 size-houzez-item-image-6 wp-image-2099\" alt=\"Sobre nosotros\" title=\"Sobre nosotros\" srcset=\"https:\/\/goldenseaestate.com\/wp-content\/uploads\/2023\/08\/10-584x438.jpg 584w, https:\/\/goldenseaestate.com\/wp-content\/uploads\/2023\/08\/10-120x90.jpg 120w\" sizes=\"(max-width: 584px) 100vw, 584px\" \/><\/figure><div class=\"elementor-image-box-content\"><h3 class=\"elementor-image-box-title\">\u041f\u0440\u043e\u0437\u0440\u0430\u0447\u043d\u043e\u0441\u0442\u044c<\/h3><p class=\"elementor-image-box-description\">\u041c\u044b \u043f\u0440\u0435\u0434\u043e\u0441\u0442\u0430\u0432\u043b\u044f\u0435\u043c \u0432\u0430\u0448 \u0440\u0443\u0441\u0441\u043a\u043e-\u044f\u0437\u044b\u0447\u043d\u043e\u0433\u043e \u043f\u0435\u0440\u0435\u0432\u043e\u0434\u0447\u0438\u043a\u0430, \u043a\u043e\u0442\u043e\u0440\u044b\u0439 \u0431\u0443\u0434\u0435\u0442 \u043f\u0435\u0440\u0435\u0432\u043e\u0434\u0438\u0442\u044c \u0432\u0430\u043c \u0432\u0435\u0441\u044c \u043f\u0440\u043e\u0446\u0435\u0441\u0441 \u0441\u0434\u0435\u043b\u043a\u0438 \u043d\u0430 100%.<\/p><\/div><\/div>\t\t\t\t<\/div>\n\t\t\t\t<\/div>\n\t\t\t\t\t<\/div>\n\t\t<\/div>\n\t\t\t\t\t<\/div>\n\t\t<\/section>\n\t\t\t\t\t<\/div>\n\t\t<\/div>\n\t\t\t\t\t<\/div>\n\t\t<\/section>\n\t\t\t\t<section class=\"elementor-section elementor-top-section elementor-element elementor-element-e5e838c elementor-section-boxed elementor-section-height-default elementor-section-height-default\" data-id=\"e5e838c\" data-element_type=\"section\" data-settings=\"{&quot;background_background&quot;:&quot;classic&quot;}\">\n\t\t\t\t\t\t<div class=\"elementor-container elementor-column-gap-default\">\n\t\t\t\t\t<div class=\"elementor-column elementor-col-100 elementor-top-column elementor-element elementor-element-01574da\" data-id=\"01574da\" data-element_type=\"column\">\n\t\t\t<div class=\"elementor-widget-wrap elementor-element-populated\">\n\t\t\t\t\t\t<section class=\"elementor-section elementor-inner-section elementor-element elementor-element-8a30cad elementor-section-boxed elementor-section-height-default elementor-section-height-default\" data-id=\"8a30cad\" data-element_type=\"section\">\n\t\t\t\t\t\t<div class=\"elementor-container elementor-column-gap-default\">\n\t\t\t\t\t<div class=\"elementor-column elementor-col-100 elementor-inner-column elementor-element elementor-element-f97162e\" data-id=\"f97162e\" data-element_type=\"column\">\n\t\t\t<div class=\"elementor-widget-wrap elementor-element-populated\">\n\t\t\t\t\t\t<div class=\"elementor-element elementor-element-8f0b79f elementor-widget elementor-widget-spacer\" data-id=\"8f0b79f\" data-element_type=\"widget\" data-widget_type=\"spacer.default\">\n\t\t\t\t<div class=\"elementor-widget-container\">\n\t\t\t\t\t\t\t<div class=\"elementor-spacer\">\n\t\t\t<div class=\"elementor-spacer-inner\"><\/div>\n\t\t<\/div>\n\t\t\t\t\t\t<\/div>\n\t\t\t\t<\/div>\n\t\t\t\t<div class=\"elementor-element elementor-element-890147f elementor-widget elementor-widget-houzez_elementor_section_title\" data-id=\"890147f\" data-element_type=\"widget\" data-widget_type=\"houzez_elementor_section_title.default\">\n\t\t\t\t<div class=\"elementor-widget-container\">\n\t\t\t\t\t            <div class=\"houzez_section_title_wrap section-title-module\">\n                                    <h2 class=\"houzez_section_title\">Opiniones de clientes sobre Golden Sea Estate<\/h2>\n                \n                                    <p class=\"houzez_section_subtitle\">\u00a1Nuestros clientes son los m\u00e1s felices del mundo!<\/p>\n                            <\/div>\n            \t\t\t\t<\/div>\n\t\t\t\t<\/div>\n\t\t\t\t<div class=\"elementor-element elementor-element-d86118b elementor-widget elementor-widget-houzez_elementor_testimonials\" data-id=\"d86118b\" data-element_type=\"widget\" data-widget_type=\"houzez_elementor_testimonials.default\">\n\t\t\t\t<div class=\"elementor-widget-container\">\n\t\t\t\t\t\n            <div class=\"testimonials-module testimonials-module-slider-v1 testimonials-module-v1\">\n                <div class=\"testimonials-slider-wrap-v1 houzez-all-slider-wrap\">\n                                    <\/div><!-- testimonials-slider -->\n            <\/div><!-- testimonials-module -->\n\n        \n\n        \t\t\t\t<\/div>\n\t\t\t\t<\/div>\n\t\t\t\t\t<\/div>\n\t\t<\/div>\n\t\t\t\t\t<\/div>\n\t\t<\/section>\n\t\t\t\t\t<\/div>\n\t\t<\/div>\n\t\t\t\t\t<\/div>\n\t\t<\/section>\n\t\t\t\t<section class=\"elementor-section elementor-top-section elementor-element elementor-element-5d56a0d elementor-section-boxed elementor-section-height-default elementor-section-height-default\" data-id=\"5d56a0d\" data-element_type=\"section\" data-settings=\"{&quot;background_background&quot;:&quot;classic&quot;}\">\n\t\t\t\t\t\t<div class=\"elementor-container elementor-column-gap-default\">\n\t\t\t\t\t<div class=\"elementor-column elementor-col-100 elementor-top-column elementor-element elementor-element-d1728c1\" data-id=\"d1728c1\" data-element_type=\"column\">\n\t\t\t<div class=\"elementor-widget-wrap elementor-element-populated\">\n\t\t\t\t\t\t<div class=\"elementor-element elementor-element-225a2d9 elementor-widget elementor-widget-spacer\" data-id=\"225a2d9\" data-element_type=\"widget\" data-widget_type=\"spacer.default\">\n\t\t\t\t<div class=\"elementor-widget-container\">\n\t\t\t\t\t\t\t<div class=\"elementor-spacer\">\n\t\t\t<div class=\"elementor-spacer-inner\"><\/div>\n\t\t<\/div>\n\t\t\t\t\t\t<\/div>\n\t\t\t\t<\/div>\n\t\t\t\t\t<\/div>\n\t\t<\/div>\n\t\t\t\t\t<\/div>\n\t\t<\/section>\n\t\t\t\t<\/div>\n\t\t","protected":false},"excerpt":{"rendered":"<p>Sobre nuestra compa\u00f1\u00eda Bienvenido al sitio. Estamos listos para ofrecerle cientos de propiedades para todos los gustos. Nuestro trato individualizado con cada cliente a la hora de elegir un inmueble le sorprender\u00e1 gratamente. Nuestra empresa brinda el mejor y m\u00e1s confiable servicio para la selecci\u00f3n y compra de bienes inmuebles. Total confidencialidad, decencia y estricto [&hellip;]<\/p>\n","protected":false},"author":2,"featured_media":0,"parent":0,"menu_order":0,"comment_status":"closed","ping_status":"closed","template":"elementor_header_footer","meta":{"footnotes":""},"class_list":["post-3081","page","type-page","status-publish","hentry"],"_links":{"self":[{"href":"https:\/\/goldenseaestate.com\/es\/wp-json\/wp\/v2\/pages\/3081","targetHints":{"allow":["GET"]}}],"collection":[{"href":"https:\/\/goldenseaestate.com\/es\/wp-json\/wp\/v2\/pages"}],"about":[{"href":"https:\/\/goldenseaestate.com\/es\/wp-json\/wp\/v2\/types\/page"}],"author":[{"embeddable":true,"href":"https:\/\/goldenseaestate.com\/es\/wp-json\/wp\/v2\/users\/2"}],"replies":[{"embeddable":true,"href":"https:\/\/goldenseaestate.com\/es\/wp-json\/wp\/v2\/comments?post=3081"}],"version-history":[{"count":5,"href":"https:\/\/goldenseaestate.com\/es\/wp-json\/wp\/v2\/pages\/3081\/revisions"}],"predecessor-version":[{"id":3139,"href":"https:\/\/goldenseaestate.com\/es\/wp-json\/wp\/v2\/pages\/3081\/revisions\/3139"}],"wp:attachment":[{"href":"https:\/\/goldenseaestate.com\/es\/wp-json\/wp\/v2\/media?parent=3081"}],"curies":[{"name":"wp","href":"https:\/\/api.w.org\/{rel}","templated":true}]}}